{"id":10,"date":"2016-10-13T21:28:58","date_gmt":"2016-10-13T21:28:58","guid":{"rendered":"http:\/\/bullas.es\/multisite\/turismo\/?page_id=10"},"modified":"2025-04-23T13:04:24","modified_gmt":"2025-04-23T13:04:24","slug":"informacion-turistica","status":"publish","type":"page","link":"https:\/\/bullas.es\/turismo\/informacion-turistica\/","title":{"rendered":"Informaci\u00f3n tur\u00edstica"},"content":{"rendered":"<div id=\"cs-content\" class=\"cs-content\" ><div id=\"x-section-1\" class=\"x-section\" style=\"margin: 0px;padding: 10px 0px; background-color: transparent;\"  ><div class=\"x-container max width\" style=\"margin: 0px auto;padding: 0px;\"  ><div  class=\"x-column x-sm x-2-3\" style=\"padding: 0px;\" ><h1  class=\"h-custom-headline h2\" ><span>INFORMACI\u00d3N TUR\u00cdSTICA<\/span><\/h1><\/div><div  class=\"x-column x-sm cs-ta-right x-1-3\" style=\"padding: 0px;\" ><img  class=\"x-img x-img-none\"  src=\"\" ><\/div><\/div><div class=\"x-container max width\" style=\"margin: 0px auto;padding: 0px;\"  ><div  class=\"x-column x-sm x-1-1\" style=\"padding: 0px;\" ><img  class=\"x-img x-img-none\"  src=\"http:\/\/bullas.es\/turismo\/wp-content\/uploads\/sites\/2\/2016\/12\/ni\u00f1o_parra_larga1920x100.png\" ><\/div><\/div><div class=\"x-container max width\" style=\"margin: 0px auto;padding: 0px;\"  ><div  class=\"x-column x-sm x-1-1\" style=\"padding: 0px;\" ><img  class=\"x-img x-img-none\"  src=\"http:\/\/bullas.es\/turismo\/wp-content\/uploads\/sites\/2\/2016\/12\/cabecera-oficina.jpg\" ><\/div><\/div><div class=\"x-container max width\" style=\"margin: 0px auto;padding: 0px;\"  ><div  class=\"x-column x-sm x-1-1\" style=\"padding: 0px;\" ><hr  class=\"x-hr\" style=\"border-top-width: 1px;width: 100%;\"><\/div><\/div><\/div><div id=\"x-section-2\" class=\"x-section\" style=\"margin: 0px;padding: 10px 0px; background-color: transparent;\"  ><div class=\"x-container max width\" style=\"margin: 0px auto;padding: 0px;\"  ><div  class=\"x-column x-sm x-1-1\" style=\"padding: 10px 0px;\" ><div class=\"x-text\"  ><p>La <strong>Oficina de Turismo<\/strong> del Ayuntamiento de Bullas ubicada en el mismo edificio que alberga el Museo del Vino, tiene entre otras tareas las de difundir y promocionar la oferta tur\u00edstica y cultural de la localidad.<\/p>\n<p>La Oficina de Turismo de Bullas est\u00e1 adherida e integrada a la<strong> Red de Oficinas de Turismo de la Regi\u00f3n de Murcia<\/strong>, certificadas con la UNE en ISO 9001:2000.<\/p>\n<p> \u00a0 \u00a0 \u00a0 \u00a0 \u00a0 \u00a0 \u00a0 \u00a0 \u00a0 \u00a0 \u00a0 \u00a0 \u00a0 \u00a0 \u00a0 \u00a0 \u00a0 \u00a0 \u00a0 \u00a0 \u00a0 \u00a0 <img loading=\"lazy\" src=\"https:\/\/bullas.es\/wp-content\/uploads\/2025\/04\/logos_turismo.jpg\" alt=\"\" class=\"wp-image-1930 alignleft\" width=\"500\" height=\"200\" \/>\u00a0 \u00a0 \u00a0 \u00a0 \u00a0 \u00a0 \u00a0 \u00a0 \u00a0 \u00a0 <\/p>\n<\/div><\/div><\/div><div class=\"x-container max width\" style=\"margin: 0px auto;padding: 0px;\"  ><div  class=\"x-column x-sm x-1-3\" style=\"padding: 0px;\" ><h2  class=\"h-custom-headline h4\" ><span>Horario<\/span><\/h2><\/div><div  class=\"x-column x-sm x-1-3\" style=\"padding: 0px;\" ><h2  class=\"h-custom-headline h4\" ><span>Contacto<\/span><\/h2><\/div><div  class=\"x-column x-sm x-1-3\" style=\"padding: 0px;\" ><h2  class=\"h-custom-headline h4\" ><span>Localizaci\u00f3n<\/span><\/h2><\/div><\/div><div class=\"x-container max width\" style=\"margin: 0px auto;padding: 0px;\"  ><div  class=\"x-column x-sm x-1-3\" style=\"padding: 0px;\" ><div class=\"x-text\"  ><p><span>Horario de verano: de martes a s\u00e1bado de 10.30 a 14.00 horas y de 17.00 a 20.00 horas. <\/p>\n<p>Horario de invierno:de martes a s\u00e1bado de 10.30 a 14.00 horas y de 16.00 a 19.00 horas. <\/p>\n<p>Tambi\u00e9n, el primer domingo de cada mes de 10.00 a 14.00 horas en el mercadillo El Zacat\u00edn, de enero a diciembre.<\/p>\n<p>A trav\u00e9s de los c\u00f3digos QR que se encuentran en el escaparate de la oficina, puede obtener toda la informaci\u00f3n tur\u00edstica del municipio y fuera de este horario, la atenci\u00f3n al p\u00fablico se prestar\u00e1 a trav\u00e9s del Museo del Vino, junto a la propia Oficina de Turismo<\/p>\n<p><\/span><span> Cerrado los d\u00edas 1 y 6 de enero, 24, 25 y 31 de diciembre.<\/span><\/p>\n<\/div><\/div><div  class=\"x-column x-sm x-1-3\" style=\"padding: 0px;\" ><div class=\"x-text\"  ><p>Avenida de Murcia, 75<br \/>\n30180 Bullas.<br \/>\nEspa\u00f1a<\/p>\n<p>Tel\u00e9fono:\u00a0+34 968 652 244<br \/>\n<a href=\"mailto:turismo@bullas.es\">turismo@bullas.es<\/a><br \/>\n<a href=\"https:\/\/www.facebook.com\/turismodebullas\" target=\"_blank\" rel=\"noopener\">Oficina de turismo en Facebook<\/a><br \/>\n<a href=\"https:\/\/www.instagram.com\/explore\/locations\/946203745\/\" target=\"_blank\" rel=\"noopener\">Oficina de turismo en Instagram<\/a><br \/>\n<a href=\"https:\/\/twitter.com\/turismobullas\" target=\"_blank\" rel=\"noopener\">Oficina de turismo en Twitter<\/a><\/p>\n<\/div><\/div><div  class=\"x-column x-sm x-1-3\" style=\"padding: 0px;\" ><div class=\"x-text\"  ><\/div><\/div><\/div><\/div><\/div>\n","protected":false},"excerpt":{"rendered":"<p>INFORMACI\u00d3N TUR\u00cdSTICALa Oficina de Turismo del Ayuntamiento de Bullas ubicada en el mismo edificio que alberga el Museo del Vino, tiene entre otras tareas las de difundir y promocionar la oferta tur\u00edstica y cultural de la localidad. La Oficina de Turismo de Bullas est\u00e1 adherida e integrada a la Red de Oficinas de Turismo de la Regi\u00f3n de Murcia, certificadas &#8230; <\/p>\n<div><a href=\"https:\/\/bullas.es\/turismo\/informacion-turistica\/\" class=\"more-link\">Read More<\/a><\/div>\n","protected":false},"author":5,"featured_media":0,"parent":0,"menu_order":0,"comment_status":"closed","ping_status":"closed","template":"template-blank-4.php","meta":[],"yoast_head":"<!-- This site is optimized with the Yoast SEO plugin v16.6.1 - https:\/\/yoast.com\/wordpress\/plugins\/seo\/ -->\n<meta name=\"robots\" content=\"index, follow, max-snippet:-1, max-image-preview:large, max-video-preview:-1\" \/>\n<link rel=\"canonical\" href=\"https:\/\/bullas.es\/turismo\/informacion-turistica\/\" \/>\n<meta property=\"og:locale\" content=\"es_ES\" \/>\n<meta property=\"og:type\" content=\"article\" \/>\n<meta property=\"og:title\" content=\"Informaci\u00f3n tur\u00edstica - Turismo de Bullas\" \/>\n<meta property=\"og:description\" content=\"INFORMACI\u00d3N TUR\u00cdSTICALa Oficina de Turismo del Ayuntamiento de Bullas ubicada en el mismo edificio que alberga el Museo del Vino, tiene entre otras tareas las de difundir y promocionar la oferta tur\u00edstica y cultural de la localidad. La Oficina de Turismo de Bullas est\u00e1 adherida e integrada a la Red de Oficinas de Turismo de la Regi\u00f3n de Murcia, certificadas ... Read More\" \/>\n<meta property=\"og:url\" content=\"https:\/\/bullas.es\/turismo\/informacion-turistica\/\" \/>\n<meta property=\"og:site_name\" content=\"Turismo de Bullas\" \/>\n<meta property=\"article:publisher\" content=\"https:\/\/es-es.facebook.com\/TurismoBullas\/\" \/>\n<meta property=\"article:modified_time\" content=\"2025-04-23T13:04:24+00:00\" \/>\n<meta property=\"og:image\" content=\"https:\/\/bullas.es\/wp-content\/uploads\/2025\/04\/logos_turismo.jpg\" \/>\n<meta name=\"twitter:card\" content=\"summary\" \/>\n<meta name=\"twitter:site\" content=\"@turismobullas\" \/>\n<meta name=\"twitter:label1\" content=\"Tiempo de lectura\" \/>\n\t<meta name=\"twitter:data1\" content=\"5 minutos\" \/>\n<script type=\"application\/ld+json\" class=\"yoast-schema-graph\">{\"@context\":\"https:\/\/schema.org\",\"@graph\":[{\"@type\":\"WebSite\",\"@id\":\"https:\/\/bullas.es\/turismo\/#website\",\"url\":\"https:\/\/bullas.es\/turismo\/\",\"name\":\"Turismo de Bullas\",\"description\":\"Bullas Bodega Natural\",\"potentialAction\":[{\"@type\":\"SearchAction\",\"target\":{\"@type\":\"EntryPoint\",\"urlTemplate\":\"https:\/\/bullas.es\/turismo\/?s={search_term_string}\"},\"query-input\":\"required name=search_term_string\"}],\"inLanguage\":\"es\"},{\"@type\":\"ImageObject\",\"@id\":\"https:\/\/bullas.es\/turismo\/informacion-turistica\/#primaryimage\",\"inLanguage\":\"es\",\"url\":\"https:\/\/bullas.es\/wp-content\/uploads\/2025\/04\/logos_turismo.jpg\",\"contentUrl\":\"https:\/\/bullas.es\/wp-content\/uploads\/2025\/04\/logos_turismo.jpg\"},{\"@type\":\"WebPage\",\"@id\":\"https:\/\/bullas.es\/turismo\/informacion-turistica\/#webpage\",\"url\":\"https:\/\/bullas.es\/turismo\/informacion-turistica\/\",\"name\":\"Informaci\\u00f3n tur\\u00edstica - Turismo de Bullas\",\"isPartOf\":{\"@id\":\"https:\/\/bullas.es\/turismo\/#website\"},\"primaryImageOfPage\":{\"@id\":\"https:\/\/bullas.es\/turismo\/informacion-turistica\/#primaryimage\"},\"datePublished\":\"2016-10-13T21:28:58+00:00\",\"dateModified\":\"2025-04-23T13:04:24+00:00\",\"breadcrumb\":{\"@id\":\"https:\/\/bullas.es\/turismo\/informacion-turistica\/#breadcrumb\"},\"inLanguage\":\"es\",\"potentialAction\":[{\"@type\":\"ReadAction\",\"target\":[\"https:\/\/bullas.es\/turismo\/informacion-turistica\/\"]}]},{\"@type\":\"BreadcrumbList\",\"@id\":\"https:\/\/bullas.es\/turismo\/informacion-turistica\/#breadcrumb\",\"itemListElement\":[{\"@type\":\"ListItem\",\"position\":1,\"name\":\"Portada\",\"item\":\"https:\/\/bullas.es\/turismo\/\"},{\"@type\":\"ListItem\",\"position\":2,\"name\":\"Informaci\\u00f3n tur\\u00edstica\"}]}]}<\/script>\n<!-- \/ Yoast SEO plugin. -->","_links":{"self":[{"href":"https:\/\/bullas.es\/turismo\/wp-json\/wp\/v2\/pages\/10"}],"collection":[{"href":"https:\/\/bullas.es\/turismo\/wp-json\/wp\/v2\/pages"}],"about":[{"href":"https:\/\/bullas.es\/turismo\/wp-json\/wp\/v2\/types\/page"}],"author":[{"embeddable":true,"href":"https:\/\/bullas.es\/turismo\/wp-json\/wp\/v2\/users\/5"}],"replies":[{"embeddable":true,"href":"https:\/\/bullas.es\/turismo\/wp-json\/wp\/v2\/comments?post=10"}],"version-history":[{"count":0,"href":"https:\/\/bullas.es\/turismo\/wp-json\/wp\/v2\/pages\/10\/revisions"}],"wp:attachment":[{"href":"https:\/\/bullas.es\/turismo\/wp-json\/wp\/v2\/media?parent=10"}],"curies":[{"name":"wp","href":"https:\/\/api.w.org\/{rel}","templated":true}]}}