{"id":28,"date":"2016-11-23T22:44:40","date_gmt":"2016-11-23T22:44:40","guid":{"rendered":"http:\/\/bullas.es\/multisite\/turismo\/?page_id=28"},"modified":"2021-10-24T15:53:29","modified_gmt":"2021-10-24T15:53:29","slug":"patrimonio-artistico-y-arqueologico","status":"publish","type":"page","link":"https:\/\/bullas.es\/turismo\/patrimonio-artistico-y-arqueologico\/","title":{"rendered":"Patrimonio Art\u00edstico y Arqueol\u00f3gico"},"content":{"rendered":"<div id=\"cs-content\" class=\"cs-content\" ><div id=\"x-section-1\" class=\"x-section\" style=\"margin: 0px;padding: 10px 0px; background-color: transparent;\"  ><div class=\"x-container max width\" style=\"margin: 0px auto;padding: 0px;\"  ><div  class=\"x-column x-sm x-1-1\" style=\"padding: 0px;\" ><h1  class=\"h-custom-headline h2\" ><span>PATRIMONIO ART\u00cdSTICO Y ARQUEOL\u00d3GICO <\/span><\/h1><\/div><\/div><div class=\"x-container max width\" style=\"margin: 0px auto;padding: 0px;\"  ><div  class=\"x-column x-sm x-1-1\" style=\"padding: 0px;\" ><img  class=\"x-img x-img-none\"  src=\"http:\/\/bullas.es\/turismo\/wp-content\/uploads\/sites\/2\/2016\/12\/ni\u00f1o_parra_larga1920x100.png\" ><\/div><\/div><div class=\"x-container max width\" style=\"margin: 0px auto;padding: 0px;\"  ><div  class=\"x-column x-sm x-1-1\" style=\"padding: 0px;\" ><img  class=\"x-img x-img-none\"  src=\"http:\/\/bullas.es\/turismo\/wp-content\/uploads\/sites\/2\/2016\/12\/patrimonio.jpg\" ><\/div><\/div><div class=\"x-container max width\" style=\"margin: 0px auto;padding: 0px;\"  ><div  class=\"x-column x-sm x-1-1\" style=\"padding: 0px;\" ><hr  class=\"x-hr\" style=\"border-top-width: 1px;width: 100%;\"><\/div><\/div><\/div><div id=\"x-section-2\" class=\"x-section\" style=\"margin: 0px;padding: 10px 0px; background-color: transparent;\"  ><div class=\"x-container max width\" style=\"margin: 0px auto;padding: 0px;\"  ><div  class=\"x-column x-sm x-1-1\" style=\"padding: 0px;\" ><div class=\"x-text\"  ><p>Bullas cuenta con un interesante patrimonio arquitect\u00f3nico, etnogr\u00e1fico y arqueol\u00f3gico, puesto en valor para el disfrute del visitante.<\/p>\n<\/div><\/div><\/div><\/div><div id=\"x-section-3\" class=\"x-section\" style=\"margin: 0px;padding: 10px 0px; background-color: transparent;\"  ><div class=\"x-container max width\" style=\"margin: 0px auto;padding: 0px;\"  ><div  class=\"x-column x-sm x-1-1\" style=\"padding: 10px 0px;\" ><div class=\"x-flexslider-shortcode-container with-container\"><div  class=\"x-flexslider x-flexslider-shortcode x-flexslider-shortcode-1\" data-x-element=\"slider\" data-x-params=\"{&quot;animation&quot;:&quot;fade&quot;,&quot;reverse&quot;:false,&quot;slideTime&quot;:&quot;5000&quot;,&quot;slideSpeed&quot;:&quot;1000&quot;,&quot;controlNav&quot;:false,&quot;prevNextNav&quot;:true,&quot;slideshow&quot;:true,&quot;random&quot;:true,&quot;touch&quot;:true,&quot;pauseOnHover&quot;:true}\"  ><ul class=\"x-slides\"><li  class=\"x-slide\" ><img src=\"http:\/\/bullas.es\/turismo\/wp-content\/uploads\/sites\/2\/2016\/12\/patrimonio1.jpg\" alt=\"Pattrimonio\"><\/li><li  class=\"x-slide\" ><img src=\"http:\/\/bullas.es\/turismo\/wp-content\/uploads\/sites\/2\/2016\/12\/patrimonio2.jpg\" alt=\"Pattrimonio\"><\/li><li  class=\"x-slide\" ><img src=\"http:\/\/bullas.es\/turismo\/wp-content\/uploads\/sites\/2\/2016\/12\/patrimonio3.jpg\" alt=\"Pattrimonio\"><\/li><li  class=\"x-slide\" ><img src=\"http:\/\/bullas.es\/turismo\/wp-content\/uploads\/sites\/2\/2016\/12\/patrimonio4.jpg\" alt=\"Pattrimonio\"><\/li><li  class=\"x-slide\" ><img src=\"http:\/\/bullas.es\/turismo\/wp-content\/uploads\/sites\/2\/2016\/12\/patrimonio5.jpg\" alt=\"Pattrimonio\"><\/li><li  class=\"x-slide\" ><img src=\"http:\/\/bullas.es\/turismo\/wp-content\/uploads\/sites\/2\/2016\/12\/patrimonio6.jpg\" alt=\"Pattrimonio\"><\/li><li  class=\"x-slide\" ><img src=\"http:\/\/bullas.es\/turismo\/wp-content\/uploads\/sites\/2\/2016\/12\/patrimonio7.jpg\" alt=\"Pattrimonio\"><\/li><li  class=\"x-slide\" ><img src=\"http:\/\/bullas.es\/turismo\/wp-content\/uploads\/sites\/2\/2016\/12\/patrimonio8.jpg\" alt=\"Pattrimonio\"><\/li><li  class=\"x-slide\" ><img src=\"http:\/\/bullas.es\/turismo\/wp-content\/uploads\/sites\/2\/2016\/12\/patrimonio9.jpg\" alt=\"Pattrimonio\"><\/li><li  class=\"x-slide\" ><img src=\"http:\/\/bullas.es\/turismo\/wp-content\/uploads\/sites\/2\/2016\/12\/patrimonio10.jpg\" alt=\"Pattrimonio\"><\/li><\/ul><\/div><\/div><\/div><\/div><\/div><div id=\"x-section-4\" class=\"x-section\" style=\"margin: 0px;padding: 10px 0px; background-color: transparent;\"  ><div class=\"x-container max width\" style=\"margin: 0px auto;padding: 0px;\"  ><div  class=\"x-column x-sm x-1-1\" style=\"padding: 10px 0px;\" ><h2  class=\"h-custom-headline h4\" ><span>IGLESIA PARROQUIAL DE NUESTRA SE\u00d1ORA DEL ROSARIO <\/span><\/h2><\/div><\/div><div class=\"x-container max width\" style=\"margin: 0px auto;padding: 0px;\"  ><div  class=\"x-column x-sm x-1-1\" style=\"padding: 0px;\" ><div class=\"x-text\"  ><p>Monumento Nacional desde 1982, este templo preside la Plaza de Espa\u00f1a. Iniciado a finales del siglo XVII, se acab\u00f3 en su primera fase en 1723. Entre 1800 y 1804, fruto de la necesidad de una ampliaci\u00f3n y remodelaci\u00f3n, se levantaron en estilo neocl\u00e1sico las naves laterales y la sacrist\u00eda as\u00ed como la vistosa torre de estilo barroco que le proporcion\u00f3 su imagen actual. La capilla del Sagrario, neog\u00f3tica, data de 1905. <\/p>\n<p>Gran parte de su ajuar fue destruido durante la Guerra Civil, aunque pudo salvarse el Archivo Parroquial, con documentos desde el siglo XVII y varias im\u00e1genes, como la de San Juan Evangelista, que data de 1925. La nueva imagen de la patrona la Virgen del Rosario lleg\u00f3 a bullas en 1939 y ocupa el centro del retablo del altar mayor, realizado por suscripci\u00f3n popular en 1947. <\/p>\n<\/div><\/div><\/div><\/div><div id=\"x-section-5\" class=\"x-section\" style=\"margin: 0px;padding: 10px 0px; background-color: transparent;\"  ><div class=\"x-container max width\" style=\"margin: 0px auto;padding: 0px;\"  ><div  class=\"x-column x-sm x-1-1\" style=\"padding: 10px 0px;\" ><h2  class=\"h-custom-headline h4\" ><span>TORRE DEL RELOJ <\/span><\/h2><\/div><\/div><div class=\"x-container max width\" style=\"margin: 0px auto;padding: 0px;\"  ><div  class=\"x-column x-sm x-1-1\" style=\"padding: 0px;\" ><div class=\"x-text\"  ><p>Sobre la parte m\u00e1s alta del pueblo se levant\u00f3 en 1900 la Torre del Reloj, tambi\u00e9n llamada de Santiago. Uno de los elementos identificativos del perfil urbano de Bullas, fue el resultado de la iniciativa particular del entonces alcalde D. Joaqu\u00edn Carre\u00f1o G\u00f3ngora ante la imposibilidad del Ayuntamiento de financiar un nuevo reloj para la villa que hasta ese momento estaba en la torre de la iglesia parroquial. La nueva torre pas\u00f3 a regular las tandas de riego en la cercana huerta del Calder\u00f3n, de cuyas tierras era D. Joaqu\u00edn el principal propietario. La inauguraci\u00f3n tuvo lugar el 25 de julio, festividad de Santiago Ap\u00f3stol. La maquinaria del reloj es de fabricaci\u00f3n suiza y fue puesta en marcha por el palentino Mois\u00e9s D\u00edaz, que tambi\u00e9n fue el encargado de fundir las tres campanas que alberga la estructura met\u00e1lica de la azotea. En 1916 el edificio fue donado por su due\u00f1o al Ayuntamiento de Bullas.  <\/p>\n<\/div><\/div><\/div><\/div><div id=\"x-section-6\" class=\"x-section\" style=\"margin: 0px;padding: 10px 0px; background-color: transparent;\"  ><div class=\"x-container max width\" style=\"margin: 0px auto;padding: 0px;\"  ><div  class=\"x-column x-sm x-1-1\" style=\"padding: 10px 0px;\" ><h2  class=\"h-custom-headline h4\" ><span>CASA DE LA CULTURA (CASA DE LOS MELGARES) <\/span><\/h2><\/div><\/div><div class=\"x-container max width\" style=\"margin: 0px auto;padding: 0px;\"  ><div  class=\"x-column x-sm x-1-1\" style=\"padding: 0px;\" ><div class=\"x-text\"  ><p>Sobre el solar de una antigua posada fue construida en 1925 esta casa se\u00f1orial perteneciente a una de las grandes familias de terratenientes, los Melgares de Aguilar. Sede de la CNT durante la Guerra Civil, el edificio se convirti\u00f3 en colegio de las Religiosas del Amor de Dios entre 1954 y 1981, cuando fue adquirido por el Ayuntamiento para ubicar en \u00e9l la Casa de la Juventud, posteriormente llamada Casa de la Cultura. De estilo ecl\u00e9ctico, alberga en la entrada elementos neomusulmanes, as\u00ed como una bella balaustrada. En sus  instalaciones se encuentran, entre otras, la Biblioteca P\u00fablica y el Archivo Hist\u00f3rico Municipal.\u00a0 <\/p>\n<\/div><\/div><\/div><\/div><div id=\"x-section-7\" class=\"x-section\" style=\"margin: 0px;padding: 10px 0px; background-color: transparent;\"  ><div class=\"x-container max width\" style=\"margin: 0px auto;padding: 0px;\"  ><div  class=\"x-column x-sm x-1-1\" style=\"padding: 10px 0px;\" ><h2  class=\"h-custom-headline h4\" ><span>RESTOS DEL CASTILLO <\/span><\/h2><\/div><\/div><div class=\"x-container max width\" style=\"margin: 0px auto;padding: 0px;\"  ><div  class=\"x-column x-sm x-1-1\" style=\"padding: 0px;\" ><div class=\"x-text\"  ><p>Son pocos los restos que se conservan de la antigua fortaleza medieval de Bullas. Parte de una torre y varias piedas salientes de gran tama\u00f1o se pueden contemplar todav\u00eda en la calle Peseta. Los interiores de las casas asentadas sobre el viejo recinto mantienen tambi\u00e9n algunos sillares o fragmentos de la muralla. <\/p>\n<\/div><\/div><\/div><\/div><div id=\"x-section-8\" class=\"x-section\" style=\"margin: 0px;padding: 10px 0px; background-color: transparent;\"  ><div class=\"x-container max width\" style=\"margin: 0px auto;padding: 0px;\"  ><div  class=\"x-column x-sm x-1-1\" style=\"padding: 10px 0px;\" ><h2  class=\"h-custom-headline h4\" ><span>PLAZA VIEJA <\/span><\/h2><\/div><\/div><div class=\"x-container max width\" style=\"margin: 0px auto;padding: 0px;\"  ><div  class=\"x-column x-sm x-1-1\" style=\"padding: 0px;\" ><div class=\"x-text\"  ><p>Denominada oficialmente \u201cdel Teniente Flomesta\u201d (en recuerdo a este h\u00e9roe de la Guerra de Marruecos nacido en Bullas), la popularmente conocida como Plaza Vieja es uno de los n\u00facleos originarios de la poblaci\u00f3n en el siglo XVII. Su famoso arco y la decoraci\u00f3n colorista de sus fachadas la convierten en un marco incomparable, en el que tienen lugar dos eventos muy significativos como son el Encuentro del Domingo de Resurrecci\u00f3n y el mercadillo de productos tradicionales \u201cEl Zacat\u00edn\u201d cada primer domingo de mes.\u00a0 <\/p>\n<\/div><\/div><\/div><\/div><div id=\"x-section-9\" class=\"x-section\" style=\"margin: 0px;padding: 10px 0px; background-color: transparent;\"  ><div class=\"x-container max width\" style=\"margin: 0px auto;padding: 0px;\"  ><div  class=\"x-column x-sm x-1-1\" style=\"padding: 10px 0px;\" ><h2  class=\"h-custom-headline h4\" ><span>CASA \u2013 MUSEO D. PEPE MARSILLA <\/span><\/h2><\/div><\/div><div class=\"x-container max width\" style=\"margin: 0px auto;padding: 0px;\"  ><div  class=\"x-column x-sm x-1-1\" style=\"padding: 0px;\" ><div class=\"x-text\"  ><p>Detr\u00e1s de la iglesia parroquial se encuentra otra de las casas nobles pertenecientes a las grandes familias de la Bullas de anta\u00f1o, los Marsilla Melgares. Remodelada en 1900 por D. Jos\u00e9 Marsilla (popularmente conocido como \u201cDon Pepe\u201d), pas\u00f3 luego a su hijo D. Blas Rafael Marsilla. De aspecto sobrio en su fachada, alberga desde 2006 un museo que pretende recrear los modos de vida de finales del siglo XIX y comienzos del XX, a trav\u00e9s de su parte se\u00f1orial o residencial (con decoraci\u00f3n de estilo modernista en sus principales estancias) y de la \u201cde labor\u201d, dedicada a las distintas tareas y vivienda de la servidumbre. Una de las dependencias m\u00e1s destacadas es la gran bodega, perfectamente conservada. <\/p>\n<\/div><\/div><\/div><\/div><div id=\"x-section-10\" class=\"x-section\" style=\"margin: 0px;padding: 10px 0px; background-color: transparent;\"  ><div class=\"x-container max width\" style=\"margin: 0px auto;padding: 0px;\"  ><div  class=\"x-column x-sm x-1-1\" style=\"padding: 10px 0px;\" ><h2  class=\"h-custom-headline h4\" ><span>CASA DE LOS CARRE\u00d1O <\/span><\/h2><\/div><\/div><div class=\"x-container max width\" style=\"margin: 0px auto;padding: 0px;\"  ><div  class=\"x-column x-sm x-1-1\" style=\"padding: 0px;\" ><div class=\"x-text\"  ><p>Situado en la calle de la Tercia, se trata de uno de los edificios pertenecientes a la antigua aristocracia local, en este caso la familia Carre\u00f1o. Construida a principios del siglo XX, la casa destaca por su fachada, con elementos como la rejer\u00eda que recrea la forja castellana del siglo XVI. <\/p>\n<\/div><\/div><\/div><\/div><div id=\"x-section-11\" class=\"x-section\" style=\"margin: 0px;padding: 10px 0px; background-color: transparent;\"  ><div class=\"x-container max width\" style=\"margin: 0px auto;padding: 0px;\"  ><div  class=\"x-column x-sm x-1-1\" style=\"padding: 10px 0px;\" ><h2  class=\"h-custom-headline h4\" ><span>BODEGA DE LA BALSA <\/span><\/h2><\/div><\/div><div class=\"x-container max width\" style=\"margin: 0px auto;padding: 0px;\"  ><div  class=\"x-column x-sm x-1-1\" style=\"padding: 0px;\" ><div class=\"x-text\"  ><p>En la calle de la Balsa (llamada as\u00ed por la antigua presencia en la zona de una balsa donde se vert\u00edan las aguas procedentes de la Acequia Principal), se sit\u00faa una antigua bodega en desuso pero totalmente rehabilitada para recibir visitas. <\/p>\n<p>Con origen en el siglo XIX, las instalaciones incorporaron cierta maquinaria en 1959, modernizando as\u00ed los m\u00e9todos tradicionales de producci\u00f3n de vino. La planta baja estaba exclusivamente dedicada a este uso, destacando las tinajas semienterradas de gran tama\u00f1o, mientras que el piso superior, la que era vivienda de los propietarios, es actualmente la sede del Consejo Regulador de la Denominaci\u00f3n de Origen Protegida \u201cBullas\u201d.\u00a0 <\/p>\n<\/div><\/div><\/div><\/div><div id=\"x-section-12\" class=\"x-section\" style=\"margin: 0px;padding: 10px 0px; background-color: transparent;\"  ><div class=\"x-container max width\" style=\"margin: 0px auto;padding: 0px;\"  ><div  class=\"x-column x-sm x-1-1\" style=\"padding: 10px 0px;\" ><h2  class=\"h-custom-headline h4\" ><span>VILLA ROMANA DE LOS CANTOS <\/span><\/h2><\/div><\/div><div class=\"x-container max width\" style=\"margin: 0px auto;padding: 0px;\"  ><div  class=\"x-column x-sm x-1-1\" style=\"padding: 0px;\" ><div class=\"x-text\"  ><p>Entre los diferentes yacimientos arqueol\u00f3gicos localizados en Bullas (de los periodos eneol\u00edtico, arg\u00e1rico, romano, isl\u00e1mico\u2026) destaca, sin duda alguna, la villa romana de Los Cantos. Se trata de un gran complejo agropecuario con origen en el siglo I d.C y ocupado hasta el siglo V, compuesto de varios n\u00facleos. La pars urbana, donde queda ubicada la domus, la residencia estacional del propietario; el complejo termal y la pars frumentaria o sector industrial, dedicado a la manufactura y al almacenamiento de la producci\u00f3n agr\u00edcola y ganadera.<\/p>\n<p>Una de las particularidades m\u00e1s rese\u00f1ables del edificio es la existencia de un mirador orientado al sur, que se abre a las mejores panor\u00e1micas del lugar (Sierra Espu\u00f1a y el monte Castellar). A comienzos del siglo XX fueron halladas cuatro esculturas de ni\u00f1os realizadas en m\u00e1rmol blanco, entre las que se encuentra el famoso \u201c<em>Ni\u00f1o de las Uvas<\/em>\u201d.<\/p>\n<p>M\u00e1s informaci\u00f3n: <strong><a href=\"https:\/\/www.um.es\/antiguedadycristianismo\/loscantos\/?page_id=61\" target=\"_blank\" rel=\"noopener\">https:\/\/www.um.es\/antiguedadycristianismo\/loscantos\/?page_id=61<\/a><\/strong><\/p>\n<\/div><\/div><\/div><\/div><\/div>\n","protected":false},"excerpt":{"rendered":"<p>PATRIMONIO ART\u00cdSTICO Y ARQUEOL\u00d3GICO Bullas cuenta con un interesante patrimonio arquitect\u00f3nico, etnogr\u00e1fico y arqueol\u00f3gico, puesto en valor para el disfrute del visitante. IGLESIA PARROQUIAL DE NUESTRA SE\u00d1ORA DEL ROSARIO Monumento Nacional desde 1982, este templo preside la Plaza de Espa\u00f1a. Iniciado a finales del siglo XVII, se acab\u00f3 en su primera fase en 1723. Entre 1800 y 1804, fruto de &#8230; <\/p>\n<div><a href=\"https:\/\/bullas.es\/turismo\/patrimonio-artistico-y-arqueologico\/\" class=\"more-link\">Read More<\/a><\/div>\n","protected":false},"author":5,"featured_media":0,"parent":0,"menu_order":0,"comment_status":"closed","ping_status":"closed","template":"template-blank-4.php","meta":[],"yoast_head":"<!-- This site is optimized with the Yoast SEO plugin v16.6.1 - https:\/\/yoast.com\/wordpress\/plugins\/seo\/ -->\n<meta name=\"robots\" content=\"index, follow, max-snippet:-1, max-image-preview:large, max-video-preview:-1\" \/>\n<link rel=\"canonical\" href=\"https:\/\/bullas.es\/turismo\/patrimonio-artistico-y-arqueologico\/\" \/>\n<meta property=\"og:locale\" content=\"es_ES\" \/>\n<meta property=\"og:type\" content=\"article\" \/>\n<meta property=\"og:title\" content=\"Patrimonio Art\u00edstico y Arqueol\u00f3gico - Turismo de Bullas\" \/>\n<meta property=\"og:description\" content=\"PATRIMONIO ART\u00cdSTICO Y ARQUEOL\u00d3GICO Bullas cuenta con un interesante patrimonio arquitect\u00f3nico, etnogr\u00e1fico y arqueol\u00f3gico, puesto en valor para el disfrute del visitante. IGLESIA PARROQUIAL DE NUESTRA SE\u00d1ORA DEL ROSARIO Monumento Nacional desde 1982, este templo preside la Plaza de Espa\u00f1a. Iniciado a finales del siglo XVII, se acab\u00f3 en su primera fase en 1723. Entre 1800 y 1804, fruto de ... Read More\" \/>\n<meta property=\"og:url\" content=\"https:\/\/bullas.es\/turismo\/patrimonio-artistico-y-arqueologico\/\" \/>\n<meta property=\"og:site_name\" content=\"Turismo de Bullas\" \/>\n<meta property=\"article:publisher\" content=\"https:\/\/es-es.facebook.com\/TurismoBullas\/\" \/>\n<meta property=\"article:modified_time\" content=\"2021-10-24T15:53:29+00:00\" \/>\n<meta property=\"og:image\" content=\"http:\/\/bullas.es\/turismo\/wp-content\/uploads\/sites\/2\/2016\/12\/patrimonio1.jpg\" \/>\n<meta name=\"twitter:card\" content=\"summary\" \/>\n<meta name=\"twitter:site\" content=\"@turismobullas\" \/>\n<meta name=\"twitter:label1\" content=\"Tiempo de lectura\" \/>\n\t<meta name=\"twitter:data1\" content=\"20 minutos\" \/>\n<script type=\"application\/ld+json\" class=\"yoast-schema-graph\">{\"@context\":\"https:\/\/schema.org\",\"@graph\":[{\"@type\":\"WebSite\",\"@id\":\"https:\/\/bullas.es\/turismo\/#website\",\"url\":\"https:\/\/bullas.es\/turismo\/\",\"name\":\"Turismo de Bullas\",\"description\":\"Bullas Bodega Natural\",\"potentialAction\":[{\"@type\":\"SearchAction\",\"target\":{\"@type\":\"EntryPoint\",\"urlTemplate\":\"https:\/\/bullas.es\/turismo\/?s={search_term_string}\"},\"query-input\":\"required name=search_term_string\"}],\"inLanguage\":\"es\"},{\"@type\":\"ImageObject\",\"@id\":\"https:\/\/bullas.es\/turismo\/patrimonio-artistico-y-arqueologico\/#primaryimage\",\"inLanguage\":\"es\",\"url\":\"http:\/\/bullas.es\/turismo\/wp-content\/uploads\/sites\/2\/2016\/12\/patrimonio1.jpg\",\"contentUrl\":\"http:\/\/bullas.es\/turismo\/wp-content\/uploads\/sites\/2\/2016\/12\/patrimonio1.jpg\"},{\"@type\":\"WebPage\",\"@id\":\"https:\/\/bullas.es\/turismo\/patrimonio-artistico-y-arqueologico\/#webpage\",\"url\":\"https:\/\/bullas.es\/turismo\/patrimonio-artistico-y-arqueologico\/\",\"name\":\"Patrimonio Art\\u00edstico y Arqueol\\u00f3gico - Turismo de Bullas\",\"isPartOf\":{\"@id\":\"https:\/\/bullas.es\/turismo\/#website\"},\"primaryImageOfPage\":{\"@id\":\"https:\/\/bullas.es\/turismo\/patrimonio-artistico-y-arqueologico\/#primaryimage\"},\"datePublished\":\"2016-11-23T22:44:40+00:00\",\"dateModified\":\"2021-10-24T15:53:29+00:00\",\"breadcrumb\":{\"@id\":\"https:\/\/bullas.es\/turismo\/patrimonio-artistico-y-arqueologico\/#breadcrumb\"},\"inLanguage\":\"es\",\"potentialAction\":[{\"@type\":\"ReadAction\",\"target\":[\"https:\/\/bullas.es\/turismo\/patrimonio-artistico-y-arqueologico\/\"]}]},{\"@type\":\"BreadcrumbList\",\"@id\":\"https:\/\/bullas.es\/turismo\/patrimonio-artistico-y-arqueologico\/#breadcrumb\",\"itemListElement\":[{\"@type\":\"ListItem\",\"position\":1,\"name\":\"Portada\",\"item\":\"https:\/\/bullas.es\/turismo\/\"},{\"@type\":\"ListItem\",\"position\":2,\"name\":\"Patrimonio Art\\u00edstico y Arqueol\\u00f3gico\"}]}]}<\/script>\n<!-- \/ Yoast SEO plugin. -->","_links":{"self":[{"href":"https:\/\/bullas.es\/turismo\/wp-json\/wp\/v2\/pages\/28"}],"collection":[{"href":"https:\/\/bullas.es\/turismo\/wp-json\/wp\/v2\/pages"}],"about":[{"href":"https:\/\/bullas.es\/turismo\/wp-json\/wp\/v2\/types\/page"}],"author":[{"embeddable":true,"href":"https:\/\/bullas.es\/turismo\/wp-json\/wp\/v2\/users\/5"}],"replies":[{"embeddable":true,"href":"https:\/\/bullas.es\/turismo\/wp-json\/wp\/v2\/comments?post=28"}],"version-history":[{"count":0,"href":"https:\/\/bullas.es\/turismo\/wp-json\/wp\/v2\/pages\/28\/revisions"}],"wp:attachment":[{"href":"https:\/\/bullas.es\/turismo\/wp-json\/wp\/v2\/media?parent=28"}],"curies":[{"name":"wp","href":"https:\/\/api.w.org\/{rel}","templated":true}]}}